{"id":273,"date":"2018-10-06T12:35:12","date_gmt":"2018-10-06T12:35:12","guid":{"rendered":"http:\/\/www.chromaland.net\/?page_id=273"},"modified":"2023-11-26T17:51:08","modified_gmt":"2023-11-26T17:51:08","slug":"aktuell","status":"publish","type":"page","link":"https:\/\/www.chromaland.net\/?page_id=273","title":{"rendered":"Aktuell"},"content":{"rendered":"<div class=\"csRow\"><strong>S\u00e4chsische Landeszentrale f\u00fcr politische Bildung \u00fcbernimmt &#8222;Sachsen &#8211; Landeskunde <em>kompakt<\/em>&#8220; ins Bildungsangebot<\/strong><\/div>\n<div><\/div>\n<div>April 2023: Der CHROMALAND-Titel &#8222;Sachsen &#8211; Landeskunde <em>kompakt<\/em>&#8220; (ISBN 9783982105949) ist nun auch bei der S\u00e4chsischen Landeszentrale f\u00fcr politische Bildung erh\u00e4ltlich und steht als e-book zur Verf\u00fcgung. Mit einem Vorwort von Dr. Roland L\u00f6ffler tr\u00e4gt der Titel damit zur landeskundlichen Bildung in dem Bundesland bei und integriert Schwerpunkte zu den Themen politische Geschichte und Erinnerungskultur.<a href=\"https:\/\/www.slpb.de\/buch\/sachsen-landeskunde-kompakt\"> F\u00fcr B\u00fcrgerinnen und B\u00fcrger in Sachsen ist das Buch kostenfrei zu beziehen.<\/a><\/div>\n<div><\/div>\n<div><\/div>\n<div><\/div>\n<div><\/div>\n<div><strong>Landeszentrale f\u00fcr politische Bildung in Nordrhein-Westfalen \u00fcbernimmt 3. Auflage von &#8222;Basiswissen Grundgesetz&#8220; in ihr Bildungsangebot<\/strong><\/div>\n<div><\/div>\n<div>Mai 2023: Der CHROMALAND-Titel &#8222;Basiswissen Grundgesetz&#8220; (ISBN 9783982105932) steht in der vollst\u00e4ndig \u00fcberarbeiteten 3. Auflage bei der Landeszentrale f\u00fcr politische Bildung in NRW als eine der Standardwerke zur Demokratiebildung f\u00fcr B\u00fcrgerinnen und B\u00fcrger zur Verf\u00fcgung. Die Zusammenarbeit der Landeszentrale mit CHROMALAND setzt sich damit fort: der Titel ist dort mit der ersten Auflage bereits seit 2018 verf\u00fcgbar. <a href=\"https:\/\/www.politische-bildung.nrw.de\/publikationen\/titelverzeichnis\/details\/print\/basiswissen-grundgesetz\">Das reich illustrierte Buch wird als Gruppenabgebot insbesondere f\u00fcr Schulklassen und in der Erwachsenenbildung eingesetzt.<\/a><\/div>\n<div><\/div>\n<div><\/div>\n<div><\/div>\n<div><\/div>\n<div><strong>Dr. Anna Kaminsky, Leiterin der Bundesstiftung Aufarbeitung, tr\u00e4gt Vorwort zu &#8222;Orte der Demokratie&#8220; bei<\/strong><\/div>\n<div><\/div>\n<div>Januar 2021: Der CHROMALAND-Titel &#8222;Orte der Demokratie &#8211; 123 Reiseziele auf den Spuren von Freiheit, Widerstand, Gedenken und Gegenwart&#8220; erscheint mit einem Vorwort von Dr. Anna Kaminsky. Darin betont sie die zunehmende Rolle von Gedenkst\u00e4tten als au\u00dferschulische Lernorte: &#8222;Wenn dies<em> (Demokratiebildung und Demokratieerziehung)\u00a0<\/em>erfolgreich sein soll, m\u00fcssen schulische Bildung und Vermittlungsangebote an Erinnerungsorten komplement\u00e4r betrachtet und gest\u00e4rkt werden. Hierzu bietet der vorliegende Band, der hoffentlich viele Leserinnen und Leser findet, ein anregendes Angebot&#8220;.<\/div>\n<div><\/div>\n<div><\/div>\n<div><\/div>\n<div><\/div>\n<div class=\"csRow\"><\/div>\n","protected":false},"excerpt":{"rendered":"<p>S\u00e4chsische Landeszentrale f\u00fcr politische Bildung \u00fcbernimmt &#8222;Sachsen &#8211; Landeskunde kompakt&#8220; ins Bildungsangebot April 2023: Der CHROMALAND-Titel &#8222;Sachsen &#8211; Landeskunde kompakt&#8220; (ISBN 9783982105949) ist nun auch bei der S\u00e4chsischen Landeszentrale f\u00fcr&#8230; <a class=\"read-more-button\" href=\"https:\/\/www.chromaland.net\/?page_id=273\">Mehr Lesen &gt;<\/a><\/p>\n","protected":false},"author":1,"featured_media":0,"parent":0,"menu_order":0,"comment_status":"closed","ping_status":"closed","template":"","meta":[],"_links":{"self":[{"href":"https:\/\/www.chromaland.net\/index.php?rest_route=\/wp\/v2\/pages\/273"}],"collection":[{"href":"https:\/\/www.chromaland.net\/index.php?rest_route=\/wp\/v2\/pages"}],"about":[{"href":"https:\/\/www.chromaland.net\/index.php?rest_route=\/wp\/v2\/types\/page"}],"author":[{"embeddable":true,"href":"https:\/\/www.chromaland.net\/index.php?rest_route=\/wp\/v2\/users\/1"}],"replies":[{"embeddable":true,"href":"https:\/\/www.chromaland.net\/index.php?rest_route=%2Fwp%2Fv2%2Fcomments&post=273"}],"version-history":[{"count":21,"href":"https:\/\/www.chromaland.net\/index.php?rest_route=\/wp\/v2\/pages\/273\/revisions"}],"predecessor-version":[{"id":585,"href":"https:\/\/www.chromaland.net\/index.php?rest_route=\/wp\/v2\/pages\/273\/revisions\/585"}],"wp:attachment":[{"href":"https:\/\/www.chromaland.net\/index.php?rest_route=%2Fwp%2Fv2%2Fmedia&parent=273"}],"curies":[{"name":"wp","href":"https:\/\/api.w.org\/{rel}","templated":true}]}}