{"id":57,"date":"2016-01-28T19:33:34","date_gmt":"2016-01-28T19:33:34","guid":{"rendered":"http:\/\/www.chromaland.net\/?page_id=57"},"modified":"2023-11-26T17:50:19","modified_gmt":"2023-11-26T17:50:19","slug":"fuer-autoren","status":"publish","type":"page","link":"https:\/\/www.chromaland.net\/?page_id=57","title":{"rendered":"F\u00fcr Autor*innen"},"content":{"rendered":"<div><\/div>\n<p>&nbsp;<\/p>\n<div><img decoding=\"async\" loading=\"lazy\" class=\"size-medium wp-image-107 alignright\" src=\"http:\/\/www.chromaland.net\/wp-content\/uploads\/2016\/01\/image-B_2_72_2B2-300x292.jpg\" alt=\"image B_2_72_2B2\" width=\"300\" height=\"292\" srcset=\"https:\/\/www.chromaland.net\/wp-content\/uploads\/2016\/01\/image-B_2_72_2B2-300x292.jpg 300w, https:\/\/www.chromaland.net\/wp-content\/uploads\/2016\/01\/image-B_2_72_2B2-768x746.jpg 768w, https:\/\/www.chromaland.net\/wp-content\/uploads\/2016\/01\/image-B_2_72_2B2-1024x995.jpg 1024w, https:\/\/www.chromaland.net\/wp-content\/uploads\/2016\/01\/image-B_2_72_2B2-980x953.jpg 980w, https:\/\/www.chromaland.net\/wp-content\/uploads\/2016\/01\/image-B_2_72_2B2.jpg 1035w\" sizes=\"(max-width: 300px) 100vw, 300px\" \/>Der CHROMALAND Medienverlag ist immer interessiert an Angeboten von Autorinnen und Autoren, die sich mit politischen Aspekten von Alltagsthemen wie beispielsweise der nachhaltigen Ern\u00e4hrung, der Rentendebatte oder&nbsp;der urbanen und regionalen Entwicklung auseinandersetzen. Der Verlag publiziert inhaltlich nach eigenen Programmrichtlinien, nimmt aber im Rahmen dieses Spektrums Expos\u00e9s und Vorschl\u00e4ge f\u00fcr neue Themen&nbsp;auf.<\/div>\n<div><\/div>\n\n\n<!-- Fast Secure Contact Form plugin 4.0.39 - begin - FastSecureContactForm.com -->\r\n<div style=\"clear:both;\"><\/div>\n<br\/><br\/>\r\n<strong><p style=\"text-align:center;font-size:24px;\">Autor*innenkontakt<\/p><\/strong>\r\n<br\/>\r\n<div id=\"FSContact3\" style=\"width:50%; margin: 0 auto; max-width:555px;\">\r\n<form action=\"https:\/\/www.chromaland.net\/index.php?rest_route=%2Fwp%2Fv2%2Fpages%2F57#FSContact3\" id=\"fscf_form3\" method=\"post\">\r\n\n<div id=\"fscf_div_clear3_0\" style=\"clear:both;\">\n  <div id=\"fscf_div_field3_0\" style=\"clear:left; float:left; width:99%; max-width:550px; margin-right:10px;\">\r\n    <div style=\"text-align:left; padding-top:5px;\">\n      <label style=\"text-align:left;\" for=\"fscf_name3\">Name:<\/label>\n    <\/div>\r\n    <div style=\"text-align:left;\">\r\n      <input style=\"text-align:left; margin:0; width:99%; max-width:250px;\" type=\"text\" id=\"fscf_name3\" name=\"full_name\" value=\"\"  \/>\r\n    <\/div>\r\n  <\/div>\n<\/div>\n\n<div id=\"fscf_div_clear3_1\" style=\"clear:both;\">\n  <div id=\"fscf_div_field3_1\" style=\"clear:left; float:left; width:99%; max-width:550px; margin-right:10px;\">\n    <div style=\"text-align:left; padding-top:5px;\">\n      <label style=\"text-align:left;\" for=\"fscf_email3\">Email:<\/label>\n    <\/div>\n    <div style=\"text-align:left;\">\n      <input style=\"text-align:left; margin:0; width:99%; max-width:250px;\" type=\"text\" id=\"fscf_email3\" name=\"email\" value=\"\"  \/>\n    <\/div>\n  <\/div>\n<\/div>\n\n<div id=\"fscf_div_clear3_2\" style=\"clear:both;\">\n  <div id=\"fscf_div_field3_2\" style=\"clear:left; float:left; width:99%; max-width:550px; margin-right:10px;\">\n    <div style=\"text-align:left; padding-top:5px;\">\n      <label style=\"text-align:left;\" for=\"fscf_field3_2\">Betreff:<\/label>\n    <\/div>\n    <div style=\"text-align:left;\">\n      <input style=\"text-align:left; margin:0; width:99%; max-width:250px;\" type=\"text\" id=\"fscf_field3_2\" name=\"subject\" value=\"\"  \/>\n    <\/div>\n  <\/div>\n<\/div>\n\n<div id=\"fscf_div_clear3_3\" style=\"clear:both;\">\n  <div id=\"fscf_div_field3_3\" style=\"clear:left; float:left; width:99%; max-width:550px; margin-right:10px;\">\n    <div style=\"text-align:left; padding-top:5px;\">\n      <label style=\"text-align:left;\" for=\"fscf_field3_3\">Nachricht:<\/label>\n    <\/div>\n    <div style=\"text-align:left;\">\n      <textarea style=\"text-align:left; margin:0; width:99%; max-width:250px; height:120px;\" id=\"fscf_field3_3\" name=\"message\" cols=\"30\" rows=\"10\" ><\/textarea>\n    <\/div>\n  <\/div>\n<\/div>\r\n<div style=\"clear:both;\"><\/div>\n\n<div style=\"text-align:left; padding-top:5px;\">\n<\/div>\n<div id=\"fscf_captcha_image_div3\" style=\"width:250px; height:65px; padding-top:2px;\">\n      <img id=\"fscf_captcha_image3\" style=\"border-style:none; margin:0; padding:0px; padding-right:5px; float:left;\" src=\"https:\/\/www.chromaland.net\/wp-content\/plugins\/si-contact-form\/captcha\/securimage_show.php?prefix=HP9VUgtJXooU5o9k\" width=\"175\" height=\"60\" alt=\"CAPTCHA-Bild\" title=\"CAPTCHA-Bild\" \/>\n      <input id=\"fscf_captcha_prefix3\" type=\"hidden\" name=\"fscf_captcha_prefix3\" value=\"HP9VUgtJXooU5o9k\" \/>\n     <div id=\"fscf_captcha_refresh3\">\n        <a href=\"#\" rel=\"nofollow\" title=\"Bild aktualisieren\" onclick=\"fscf_captcha_refresh('3','\/wp-content\/plugins\/si-contact-form\/captcha','https:\/\/www.chromaland.net\/wp-content\/plugins\/si-contact-form\/captcha\/securimage_show.php?prefix='); return false;\">\n        <img src=\"https:\/\/www.chromaland.net\/wp-content\/plugins\/si-contact-form\/captcha\/images\/refresh.png\" width=\"22\" height=\"20\" alt=\"Bild aktualisieren\" style=\"border-style:none; margin:0; padding:0px; vertical-align:bottom;\" onclick=\"this.blur();\" \/><\/a>\r\n     <\/div>\r\n<\/div>\r\n\r\n<div id=\"fscf_captcha_field3\" style=\"text-align:left; padding-top:5px;\">\r\n     <label style=\"text-align:left;\" for=\"fscf_captcha_code3\">CAPTCHA Code:<\/label>\r\n<\/div>\r\n<div style=\"text-align:left;\">\n     <input style=\"text-align:left; margin:0; width:50px;\" type=\"text\" value=\"\" id=\"fscf_captcha_code3\" name=\"captcha_code\"  \/>\n<\/div>\n\n<div id=\"fscf_submit_div3\" style=\"text-align:left; clear:both; padding-top:15px;\">\r\n\t\t<input type=\"submit\" id=\"fscf_submit3\" style=\"cursor:pointer; margin:0;\" value=\"senden\"  onclick=\"this.disabled=true; this.value='Submitting...'; this.form.submit();\" \/> \n<\/div>\n\n<input type=\"hidden\" name=\"fscf_submitted\" value=\"0\" \/>\n<input type=\"hidden\" name=\"fs_postonce_3\" value=\"2dd7189060222d9494ebd44a14723309,1777553494\" \/>\n<input type=\"hidden\" name=\"si_contact_action\" value=\"send\" \/>\n<input type=\"hidden\" name=\"form_id\" value=\"3\" \/>\n<input type=\"hidden\" name=\"mailto_id\" value=\"1\" \/>\n\n<\/form>\n<\/div>\r\n<div style=\"clear:both;\"><\/div>\n\n<!-- Fast Secure Contact Form plugin 4.0.39 - end - FastSecureContactForm.com -->\n\n","protected":false},"excerpt":{"rendered":"<p>&nbsp; Der CHROMALAND Medienverlag ist immer interessiert an Angeboten von Autorinnen und Autoren, die sich mit politischen Aspekten von Alltagsthemen wie beispielsweise der nachhaltigen Ern\u00e4hrung, der Rentendebatte oder&nbsp;der urbanen und&#8230; <a class=\"read-more-button\" href=\"https:\/\/www.chromaland.net\/?page_id=57\">Mehr Lesen &gt;<\/a><\/p>\n","protected":false},"author":1,"featured_media":0,"parent":0,"menu_order":0,"comment_status":"closed","ping_status":"closed","template":"","meta":[],"_links":{"self":[{"href":"https:\/\/www.chromaland.net\/index.php?rest_route=\/wp\/v2\/pages\/57"}],"collection":[{"href":"https:\/\/www.chromaland.net\/index.php?rest_route=\/wp\/v2\/pages"}],"about":[{"href":"https:\/\/www.chromaland.net\/index.php?rest_route=\/wp\/v2\/types\/page"}],"author":[{"embeddable":true,"href":"https:\/\/www.chromaland.net\/index.php?rest_route=\/wp\/v2\/users\/1"}],"replies":[{"embeddable":true,"href":"https:\/\/www.chromaland.net\/index.php?rest_route=%2Fwp%2Fv2%2Fcomments&post=57"}],"version-history":[{"count":22,"href":"https:\/\/www.chromaland.net\/index.php?rest_route=\/wp\/v2\/pages\/57\/revisions"}],"predecessor-version":[{"id":584,"href":"https:\/\/www.chromaland.net\/index.php?rest_route=\/wp\/v2\/pages\/57\/revisions\/584"}],"wp:attachment":[{"href":"https:\/\/www.chromaland.net\/index.php?rest_route=%2Fwp%2Fv2%2Fmedia&parent=57"}],"curies":[{"name":"wp","href":"https:\/\/api.w.org\/{rel}","templated":true}]}}